{"id":31202,"date":"2023-02-08T10:14:45","date_gmt":"2023-02-08T09:14:45","guid":{"rendered":"https:\/\/brc-sas.com\/personliche-daten\/"},"modified":"2023-03-27T09:38:58","modified_gmt":"2023-03-27T07:38:58","slug":"personliche-daten","status":"publish","type":"page","link":"https:\/\/brc-sas.com\/de\/personliche-daten\/","title":{"rendered":"Pers\u00f6nliche Daten"},"content":{"rendered":"\t\t<div data-elementor-type=\"wp-page\" data-elementor-id=\"31202\" class=\"elementor elementor-31202 elementor-28869\" data-elementor-post-type=\"page\">\n\t\t\t\t\t\t<section class=\"elementor-section elementor-top-section elementor-element elementor-element-4bed6d3 elementor-section-full_width elementor-section-height-min-height elementor-section-items-stretch elementor-section-content-bottom elementor-section-height-default\" data-id=\"4bed6d3\" data-element_type=\"section\" data-settings=\"{&quot;background_background&quot;:&quot;classic&quot;}\">\n\t\t\t\t\t\t<div class=\"elementor-container elementor-column-gap-no\">\n\t\t\t\t\t<div class=\"elementor-column elementor-col-50 elementor-top-column elementor-element elementor-element-87facd8\" data-id=\"87facd8\" data-element_type=\"column\" data-settings=\"{&quot;background_background&quot;:&quot;classic&quot;}\">\n\t\t\t<div class=\"elementor-widget-wrap elementor-element-populated\">\n\t\t\t\t\t\t\t<\/div>\n\t\t<\/div>\n\t\t\t\t<div class=\"elementor-column elementor-col-50 elementor-top-column elementor-element elementor-element-fa97440 background-custom elementor-hidden-tablet elementor-hidden-mobile\" data-id=\"fa97440\" data-element_type=\"column\">\n\t\t\t<div class=\"elementor-widget-wrap\">\n\t\t\t\t\t\t\t<\/div>\n\t\t<\/div>\n\t\t\t\t\t<\/div>\n\t\t<\/section>\n\t\t\t\t<section class=\"elementor-section elementor-top-section elementor-element elementor-element-15e26e8 elementor-section-full_width elementor-section-height-default elementor-section-height-default\" data-id=\"15e26e8\" data-element_type=\"section\">\n\t\t\t\t\t\t<div class=\"elementor-container elementor-column-gap-no\">\n\t\t\t\t\t<div class=\"elementor-column elementor-col-100 elementor-top-column elementor-element elementor-element-3aa14d0\" data-id=\"3aa14d0\" data-element_type=\"column\">\n\t\t\t<div class=\"elementor-widget-wrap elementor-element-populated\">\n\t\t\t\t\t\t<div class=\"elementor-element elementor-element-4e3fa8c elementor-widget elementor-widget-text-editor\" data-id=\"4e3fa8c\" data-element_type=\"widget\" data-widget_type=\"text-editor.default\">\n\t\t\t\t<div class=\"elementor-widget-container\">\n\t\t\t<style>\/*! elementor - v3.23.0 - 05-08-2024 *\/\n.elementor-widget-text-editor.elementor-drop-cap-view-stacked .elementor-drop-cap{background-color:#69727d;color:#fff}.elementor-widget-text-editor.elementor-drop-cap-view-framed .elementor-drop-cap{color:#69727d;border:3px solid;background-color:transparent}.elementor-widget-text-editor:not(.elementor-drop-cap-view-default) .elementor-drop-cap{margin-top:8px}.elementor-widget-text-editor:not(.elementor-drop-cap-view-default) .elementor-drop-cap-letter{width:1em;height:1em}.elementor-widget-text-editor .elementor-drop-cap{float:left;text-align:center;line-height:1;font-size:50px}.elementor-widget-text-editor .elementor-drop-cap-letter{display:inline-block}<\/style>\t\t\t\t<h2>Erhebung von pers\u00f6nlichen Informationen<\/h2>\n<p>Wir sammeln die folgenden Informationen:<\/p>\n<ul>\n<li>Name<\/li>\n<li>Vorname<\/li>\n<li>E-Mail-Adresse<\/li>\n<li>Telefonnummer<\/li>\n<\/ul>\n<p>Die pers\u00f6nlichen Informationen, die wir sammeln, werden durch Formulare und durch die Interaktivit\u00e4t, die zwischen Ihnen und unserer Website hergestellt wird, gesammelt. Wir verwenden auch, wie im n\u00e4chsten Abschnitt beschrieben, Cookies und\/oder Protokolldateien, um Informationen \u00fcber Sie zu sammeln.<\/p>\n<h2> <\/h2>\n<h2>Formulare und Interaktivit\u00e4t:<\/h2>\n<p>Ihre pers\u00f6nlichen Informationen werden \u00fcber ein Formular gesammelt, n\u00e4mlich :<\/p>\n<ul>\n<li>Kontaktformular<\/li>\n<\/ul>\n<p>Wir verwenden die so gesammelten Informationen f\u00fcr die folgenden Zwecke:<\/p>\n<ul>\n<li>Kontakt<\/li>\n<li>Verwaltung der Website (Pr\u00e4sentation, Organisation)<\/li>\n<\/ul>\n<p>Ihre Informationen werden auch durch die Interaktivit\u00e4t, die zwischen Ihnen und unserer Website entstehen kann, auf folgende Weise gesammelt:<\/p>\n<ul>\n<li>Statistiken<\/li>\n<li>Kontakt<\/li>\n<li>Verwaltung der Website (Pr\u00e4sentation, Organisation)<\/li>\n<\/ul>\n<p>Wir verwenden die so gesammelten Informationen f\u00fcr die folgenden Zwecke:<\/p>\n<ul>\n<li>Korrespondenz<\/li>\n<li>Informationen oder f\u00fcr Werbeangebote<\/li>\n<\/ul>\n<h2> <\/h2>\n<h2>Recht auf Widerspruch und R\u00fccknahme<\/h2>\n<p>Wir verpflichten uns, Ihnen ein Widerspruchs- und R\u00fccktrittsrecht in Bezug auf Ihre pers\u00f6nlichen Daten zu gew\u00e4hren.<br \/>Das Widerspruchsrecht versteht sich als die M\u00f6glichkeit f\u00fcr Internetnutzer, die Verwendung ihrer pers\u00f6nlichen Daten zu bestimmten, bei der Erhebung genannten Zwecken abzulehnen.<\/p>\n<p>Unter dem Recht auf Entfernung versteht man die M\u00f6glichkeit von Internetnutzern, zu verlangen, dass ihre pers\u00f6nlichen Informationen z. B. nicht mehr in einer Mailingliste enthalten sind.<\/p>\n<p>Um diese Rechte aus\u00fcben zu k\u00f6nnen :<\/p>\n<p>Adresse: 21 RUE ZAC DES COTEAUX DE GRAND LIEU 44830 BOUAYE<br \/>Mail: dircom@brc-sas.com<br \/>Telefon: 02 40 34 57 24<\/p>\n<h2> <\/h2>\n<h2>Recht auf Zugang<\/h2>\n<p>Wir verpflichten uns, den betroffenen Personen, die die sie betreffenden Informationen einsehen, \u00e4ndern oder sogar l\u00f6schen m\u00f6chten, das Recht auf Zugang und Berichtigung zuzugestehen.<br \/>Die Aus\u00fcbung dieses Rechts erfolgt :<br \/>Adresse: 21 RUE ZAC DES COTEAUX DE GRAND LIEU 44830 BOUAYE<br \/>Mail: dircom@brc-sas.com<br \/>Telefon: 02 40 34 57 24<\/p>\n<h2> <\/h2>\n<h2>Sicherheit<\/h2>\n<p>Die von uns gesammelten pers\u00f6nlichen Informationen werden in einer sicheren Umgebung aufbewahrt. Die Personen, die f\u00fcr uns arbeiten, sind verpflichtet, Ihre Informationen vertraulich zu behandeln.<br \/>Um die Sicherheit Ihrer pers\u00f6nlichen Informationen zu gew\u00e4hrleisten, setzen wir folgende Ma\u00dfnahmen ein:<\/p>\n<ul>\n<li>SSL-Protokoll (Secure Sockets Layer)<\/li>\n<li>Zugriffsverwaltung &#8211; autorisierte Person<\/li>\n<li>Zugriffsverwaltung &#8211; betroffene Person<\/li>\n<li>Software zur Netzwerk\u00fcberwachung<\/li>\n<li>Computer-Backup<\/li>\n<li>Entwicklung eines digitalen Zertifikats<\/li>\n<li>Benutzername\/Passwort<\/li>\n<li>Firewalls (Brandmauern)\n<p>Wir verpflichten uns, ein hohes Ma\u00df an Vertraulichkeit zu wahren, indem wir die neuesten technologischen Innovationen integrieren, die die Vertraulichkeit Ihrer Transaktionen gew\u00e4hrleisten. Da jedoch kein Mechanismus maximale Sicherheit bietet, ist ein gewisses Risiko immer vorhanden, wenn man das Internet zur \u00dcbermittlung pers\u00f6nlicher Informationen nutzt.<\/p>\n<\/li>\n<\/ul>\n\t\t\t\t\t\t<\/div>\n\t\t\t\t<\/div>\n\t\t\t\t\t<\/div>\n\t\t<\/div>\n\t\t\t\t\t<\/div>\n\t\t<\/section>\n\t\t\t\t<\/div>\n\t\t","protected":false},"excerpt":{"rendered":"<p>Erhebung von pers\u00f6nlichen Informationen Wir sammeln die folgenden Informationen: Name Vorname E-Mail-Adresse Telefonnummer Die pers\u00f6nlichen Informationen, die wir sammeln, werden durch Formulare und durch die Interaktivit\u00e4t, die zwischen Ihnen und unserer Website hergestellt wird, gesammelt. Wir verwenden auch, wie im n\u00e4chsten Abschnitt beschrieben, Cookies und\/oder Protokolldateien, um Informationen \u00fcber Sie zu sammeln. Formulare und Interaktivit\u00e4t: [&hellip;]<\/p>\n","protected":false},"author":1,"featured_media":0,"parent":0,"menu_order":0,"comment_status":"closed","ping_status":"closed","template":"","meta":{"footnotes":""},"class_list":["post-31202","page","type-page","status-publish","hentry"],"acf":[],"yoast_head":"<!-- This site is optimized with the Yoast SEO plugin v23.3 - https:\/\/yoast.com\/wordpress\/plugins\/seo\/ -->\n<title>Pers\u00f6nliche Daten - BRCSA<\/title>\n<meta name=\"robots\" content=\"index, follow, max-snippet:-1, max-image-preview:large, max-video-preview:-1\" \/>\n<link rel=\"canonical\" href=\"https:\/\/brc-sas.com\/de\/personliche-daten\/\" \/>\n<meta property=\"og:locale\" content=\"de_DE\" \/>\n<meta property=\"og:type\" content=\"article\" \/>\n<meta property=\"og:title\" content=\"Pers\u00f6nliche Daten - BRCSA\" \/>\n<meta property=\"og:description\" content=\"Erhebung von pers\u00f6nlichen Informationen Wir sammeln die folgenden Informationen: Name Vorname E-Mail-Adresse Telefonnummer Die pers\u00f6nlichen Informationen, die wir sammeln, werden durch Formulare und durch die Interaktivit\u00e4t, die zwischen Ihnen und unserer Website hergestellt wird, gesammelt. Wir verwenden auch, wie im n\u00e4chsten Abschnitt beschrieben, Cookies und\/oder Protokolldateien, um Informationen \u00fcber Sie zu sammeln. Formulare und Interaktivit\u00e4t: [&hellip;]\" \/>\n<meta property=\"og:url\" content=\"https:\/\/brc-sas.com\/de\/personliche-daten\/\" \/>\n<meta property=\"og:site_name\" content=\"BRCSA\" \/>\n<meta property=\"article:modified_time\" content=\"2023-03-27T07:38:58+00:00\" \/>\n<meta name=\"twitter:card\" content=\"summary_large_image\" \/>\n<meta name=\"twitter:label1\" content=\"Gesch\u00e4tzte Lesezeit\" \/>\n\t<meta name=\"twitter:data1\" content=\"2\u00a0Minuten\" \/>\n<script type=\"application\/ld+json\" class=\"yoast-schema-graph\">{\"@context\":\"https:\/\/schema.org\",\"@graph\":[{\"@type\":\"WebPage\",\"@id\":\"https:\/\/brc-sas.com\/de\/personliche-daten\/\",\"url\":\"https:\/\/brc-sas.com\/de\/personliche-daten\/\",\"name\":\"Pers\u00f6nliche Daten - BRCSA\",\"isPartOf\":{\"@id\":\"https:\/\/brc-sas.com\/#website\"},\"datePublished\":\"2023-02-08T09:14:45+00:00\",\"dateModified\":\"2023-03-27T07:38:58+00:00\",\"breadcrumb\":{\"@id\":\"https:\/\/brc-sas.com\/de\/personliche-daten\/#breadcrumb\"},\"inLanguage\":\"de\",\"potentialAction\":[{\"@type\":\"ReadAction\",\"target\":[\"https:\/\/brc-sas.com\/de\/personliche-daten\/\"]}]},{\"@type\":\"BreadcrumbList\",\"@id\":\"https:\/\/brc-sas.com\/de\/personliche-daten\/#breadcrumb\",\"itemListElement\":[{\"@type\":\"ListItem\",\"position\":1,\"name\":\"Accueil\",\"item\":\"https:\/\/brc-sas.com\/de\/startseite\/\"},{\"@type\":\"ListItem\",\"position\":2,\"name\":\"Pers\u00f6nliche Daten\"}]},{\"@type\":\"WebSite\",\"@id\":\"https:\/\/brc-sas.com\/#website\",\"url\":\"https:\/\/brc-sas.com\/\",\"name\":\"BRCSA\",\"description\":\"\",\"publisher\":{\"@id\":\"https:\/\/brc-sas.com\/#organization\"},\"potentialAction\":[{\"@type\":\"SearchAction\",\"target\":{\"@type\":\"EntryPoint\",\"urlTemplate\":\"https:\/\/brc-sas.com\/?s={search_term_string}\"},\"query-input\":\"required name=search_term_string\"}],\"inLanguage\":\"de\"},{\"@type\":\"Organization\",\"@id\":\"https:\/\/brc-sas.com\/#organization\",\"name\":\"BRCSA\",\"url\":\"https:\/\/brc-sas.com\/\",\"logo\":{\"@type\":\"ImageObject\",\"inLanguage\":\"de\",\"@id\":\"https:\/\/brc-sas.com\/#\/schema\/logo\/image\/\",\"url\":\"https:\/\/brc-sas.com\/wp-content\/uploads\/2023\/02\/logo-BRCSA-1.png\",\"contentUrl\":\"https:\/\/brc-sas.com\/wp-content\/uploads\/2023\/02\/logo-BRCSA-1.png\",\"width\":2560,\"height\":955,\"caption\":\"BRCSA\"},\"image\":{\"@id\":\"https:\/\/brc-sas.com\/#\/schema\/logo\/image\/\"}}]}<\/script>\n<!-- \/ Yoast SEO plugin. -->","yoast_head_json":{"title":"Pers\u00f6nliche Daten - BRCSA","robots":{"index":"index","follow":"follow","max-snippet":"max-snippet:-1","max-image-preview":"max-image-preview:large","max-video-preview":"max-video-preview:-1"},"canonical":"https:\/\/brc-sas.com\/de\/personliche-daten\/","og_locale":"de_DE","og_type":"article","og_title":"Pers\u00f6nliche Daten - BRCSA","og_description":"Erhebung von pers\u00f6nlichen Informationen Wir sammeln die folgenden Informationen: Name Vorname E-Mail-Adresse Telefonnummer Die pers\u00f6nlichen Informationen, die wir sammeln, werden durch Formulare und durch die Interaktivit\u00e4t, die zwischen Ihnen und unserer Website hergestellt wird, gesammelt. Wir verwenden auch, wie im n\u00e4chsten Abschnitt beschrieben, Cookies und\/oder Protokolldateien, um Informationen \u00fcber Sie zu sammeln. Formulare und Interaktivit\u00e4t: [&hellip;]","og_url":"https:\/\/brc-sas.com\/de\/personliche-daten\/","og_site_name":"BRCSA","article_modified_time":"2023-03-27T07:38:58+00:00","twitter_card":"summary_large_image","twitter_misc":{"Gesch\u00e4tzte Lesezeit":"2\u00a0Minuten"},"schema":{"@context":"https:\/\/schema.org","@graph":[{"@type":"WebPage","@id":"https:\/\/brc-sas.com\/de\/personliche-daten\/","url":"https:\/\/brc-sas.com\/de\/personliche-daten\/","name":"Pers\u00f6nliche Daten - BRCSA","isPartOf":{"@id":"https:\/\/brc-sas.com\/#website"},"datePublished":"2023-02-08T09:14:45+00:00","dateModified":"2023-03-27T07:38:58+00:00","breadcrumb":{"@id":"https:\/\/brc-sas.com\/de\/personliche-daten\/#breadcrumb"},"inLanguage":"de","potentialAction":[{"@type":"ReadAction","target":["https:\/\/brc-sas.com\/de\/personliche-daten\/"]}]},{"@type":"BreadcrumbList","@id":"https:\/\/brc-sas.com\/de\/personliche-daten\/#breadcrumb","itemListElement":[{"@type":"ListItem","position":1,"name":"Accueil","item":"https:\/\/brc-sas.com\/de\/startseite\/"},{"@type":"ListItem","position":2,"name":"Pers\u00f6nliche Daten"}]},{"@type":"WebSite","@id":"https:\/\/brc-sas.com\/#website","url":"https:\/\/brc-sas.com\/","name":"BRCSA","description":"","publisher":{"@id":"https:\/\/brc-sas.com\/#organization"},"potentialAction":[{"@type":"SearchAction","target":{"@type":"EntryPoint","urlTemplate":"https:\/\/brc-sas.com\/?s={search_term_string}"},"query-input":"required name=search_term_string"}],"inLanguage":"de"},{"@type":"Organization","@id":"https:\/\/brc-sas.com\/#organization","name":"BRCSA","url":"https:\/\/brc-sas.com\/","logo":{"@type":"ImageObject","inLanguage":"de","@id":"https:\/\/brc-sas.com\/#\/schema\/logo\/image\/","url":"https:\/\/brc-sas.com\/wp-content\/uploads\/2023\/02\/logo-BRCSA-1.png","contentUrl":"https:\/\/brc-sas.com\/wp-content\/uploads\/2023\/02\/logo-BRCSA-1.png","width":2560,"height":955,"caption":"BRCSA"},"image":{"@id":"https:\/\/brc-sas.com\/#\/schema\/logo\/image\/"}}]}},"_links":{"self":[{"href":"https:\/\/brc-sas.com\/de\/wp-json\/wp\/v2\/pages\/31202","targetHints":{"allow":["GET"]}}],"collection":[{"href":"https:\/\/brc-sas.com\/de\/wp-json\/wp\/v2\/pages"}],"about":[{"href":"https:\/\/brc-sas.com\/de\/wp-json\/wp\/v2\/types\/page"}],"author":[{"embeddable":true,"href":"https:\/\/brc-sas.com\/de\/wp-json\/wp\/v2\/users\/1"}],"replies":[{"embeddable":true,"href":"https:\/\/brc-sas.com\/de\/wp-json\/wp\/v2\/comments?post=31202"}],"version-history":[{"count":2,"href":"https:\/\/brc-sas.com\/de\/wp-json\/wp\/v2\/pages\/31202\/revisions"}],"predecessor-version":[{"id":31736,"href":"https:\/\/brc-sas.com\/de\/wp-json\/wp\/v2\/pages\/31202\/revisions\/31736"}],"wp:attachment":[{"href":"https:\/\/brc-sas.com\/de\/wp-json\/wp\/v2\/media?parent=31202"}],"curies":[{"name":"wp","href":"https:\/\/api.w.org\/{rel}","templated":true}]}}