{"id":31351,"date":"2023-02-23T09:15:53","date_gmt":"2023-02-23T08:15:53","guid":{"rendered":"https:\/\/brc-sas.com\/gtc\/"},"modified":"2023-03-08T12:20:42","modified_gmt":"2023-03-08T11:20:42","slug":"gtc","status":"publish","type":"page","link":"https:\/\/brc-sas.com\/en\/gtc\/","title":{"rendered":"GTC"},"content":{"rendered":"\t\t<div data-elementor-type=\"wp-page\" data-elementor-id=\"31351\" class=\"elementor elementor-31351\" data-elementor-post-type=\"page\">\n\t\t\t\t\t\t<section class=\"elementor-section elementor-top-section elementor-element elementor-element-6729f05 elementor-section-full_width elementor-section-height-min-height elementor-section-items-stretch elementor-section-content-bottom elementor-section-height-default\" data-id=\"6729f05\" data-element_type=\"section\" data-settings=\"{&quot;background_background&quot;:&quot;classic&quot;}\">\n\t\t\t\t\t\t<div class=\"elementor-container elementor-column-gap-no\">\n\t\t\t\t\t<div class=\"elementor-column elementor-col-50 elementor-top-column elementor-element elementor-element-a1da48e\" data-id=\"a1da48e\" data-element_type=\"column\" data-settings=\"{&quot;background_background&quot;:&quot;classic&quot;}\">\n\t\t\t<div class=\"elementor-widget-wrap elementor-element-populated\">\n\t\t\t\t\t\t<div class=\"elementor-element elementor-element-7e9daf7 elementor-widget elementor-widget-heading\" data-id=\"7e9daf7\" data-element_type=\"widget\" data-widget_type=\"heading.default\">\n\t\t\t\t<div class=\"elementor-widget-container\">\n\t\t\t<style>\/*! elementor - v3.23.0 - 05-08-2024 *\/\n.elementor-heading-title{padding:0;margin:0;line-height:1}.elementor-widget-heading .elementor-heading-title[class*=elementor-size-]>a{color:inherit;font-size:inherit;line-height:inherit}.elementor-widget-heading .elementor-heading-title.elementor-size-small{font-size:15px}.elementor-widget-heading .elementor-heading-title.elementor-size-medium{font-size:19px}.elementor-widget-heading .elementor-heading-title.elementor-size-large{font-size:29px}.elementor-widget-heading .elementor-heading-title.elementor-size-xl{font-size:39px}.elementor-widget-heading .elementor-heading-title.elementor-size-xxl{font-size:59px}<\/style><h1 class=\"elementor-heading-title elementor-size-default\">Conditions g\u00e9n\u00e9rales de vente<\/h1>\t\t<\/div>\n\t\t\t\t<\/div>\n\t\t\t\t\t<\/div>\n\t\t<\/div>\n\t\t\t\t<div class=\"elementor-column elementor-col-50 elementor-top-column elementor-element elementor-element-1a81ab8 background-custom elementor-hidden-tablet elementor-hidden-mobile\" data-id=\"1a81ab8\" data-element_type=\"column\">\n\t\t\t<div class=\"elementor-widget-wrap\">\n\t\t\t\t\t\t\t<\/div>\n\t\t<\/div>\n\t\t\t\t\t<\/div>\n\t\t<\/section>\n\t\t\t\t<section class=\"elementor-section elementor-top-section elementor-element elementor-element-06087c2 elementor-section-full_width elementor-section-height-default elementor-section-height-default\" data-id=\"06087c2\" data-element_type=\"section\">\n\t\t\t\t\t\t<div class=\"elementor-container elementor-column-gap-no\">\n\t\t\t\t\t<div class=\"elementor-column elementor-col-100 elementor-top-column elementor-element elementor-element-79b8838\" data-id=\"79b8838\" data-element_type=\"column\">\n\t\t\t<div class=\"elementor-widget-wrap elementor-element-populated\">\n\t\t\t\t\t\t<div class=\"elementor-element elementor-element-ad1f845 elementor-widget elementor-widget-text-editor\" data-id=\"ad1f845\" data-element_type=\"widget\" data-widget_type=\"text-editor.default\">\n\t\t\t\t<div class=\"elementor-widget-container\">\n\t\t\t<style>\/*! elementor - v3.23.0 - 05-08-2024 *\/\n.elementor-widget-text-editor.elementor-drop-cap-view-stacked .elementor-drop-cap{background-color:#69727d;color:#fff}.elementor-widget-text-editor.elementor-drop-cap-view-framed .elementor-drop-cap{color:#69727d;border:3px solid;background-color:transparent}.elementor-widget-text-editor:not(.elementor-drop-cap-view-default) .elementor-drop-cap{margin-top:8px}.elementor-widget-text-editor:not(.elementor-drop-cap-view-default) .elementor-drop-cap-letter{width:1em;height:1em}.elementor-widget-text-editor .elementor-drop-cap{float:left;text-align:center;line-height:1;font-size:50px}.elementor-widget-text-editor .elementor-drop-cap-letter{display:inline-block}<\/style>\t\t\t\t<h2>1 \u2013 Champ d\u2019application<\/h2>\n<p>Les pr\u00e9sentes conditions g\u00e9n\u00e9rales de vente ont pour objet de d\u00e9finir les conditions dans lesquelles notre soci\u00e9t\u00e9, BRC SAS, fournit aux acheteurs professionnels situ\u00e9s en France ou \u00e0 l\u2019\u00e9tranger (\u00ab Les Acheteurs ou l&#8217;Acheteur \u00bb) qui lui en font la demande, les produits qu\u2019elle commercialise (\u00ab Les Produits \u00bb).<br>Elles s&#8217;appliquent sans restriction ni r\u00e9serves \u00e0 toutes les ventes conclues aupr\u00e8s des Acheteurs de m\u00eame cat\u00e9gorie, quelles que soient les clauses pouvant figurer sur les documents de l&#8217;Acheteur, et notamment ses conditions g\u00e9n\u00e9rales d&#8217;achat.<br>Conform\u00e9ment \u00e0 la r\u00e9glementation en vigueur, ces Conditions G\u00e9n\u00e9rales de Vente sont syst\u00e9matiquement communiqu\u00e9es \u00e0 tout Acheteur qui en fait la demande, pour lui permettre de passer commande aupr\u00e8s de notre soci\u00e9t\u00e9.<br>Toute commande implique de plein droit l\u2019acceptation des pr\u00e9sentes conditions g\u00e9n\u00e9rales de ventes compl\u00e9t\u00e9es. Conform\u00e9ment \u00e0 la r\u00e9glementation en vigueur, nous nous r\u00e9servons le droit de d\u00e9roger \u00e0 certaines clauses des pr\u00e9sentes conditions g\u00e9n\u00e9rales de vente, en fonction des n\u00e9gociations men\u00e9es avec l&#8217;acheteur, par l&#8217;\u00e9tablissement de conditions de vente particuli\u00e8res.<br><\/p>\n<h2>2 \u2013 Commandes<\/h2>\n<ul>\n<li>Les commandes doivent \u00eatre confirm\u00e9es par \u00e9crit, au moyen d&#8217;un bon de commande sur en-t\u00eate de la Soci\u00e9t\u00e9 de l\u2019acheteur.<br>La vente n\u2019est parfaite qu&#8217;apr\u00e8s notre acceptation expresse et par \u00e9crit de la commande.<br>L&#8217;acceptation de celle-ci est confirm\u00e9e par l&#8217;envoi d&#8217;un mail. Les donn\u00e9es enregistr\u00e9es dans notre syst\u00e8me informatique constituent la preuve de l&#8217;ensemble de la transaction.<\/li>\n<li>Les commandes accept\u00e9es ne peuvent \u00eatre annul\u00e9es, m\u00eame partiellement, sans notre consentement \u00e9crit.<\/li>\n<li>Les \u00e9ventuelles modifications demand\u00e9es par l&#8217;Acheteur ne pourront \u00eatre prises en compte, dans la limite de nos possibilit\u00e9s et \u00e0 notre seule discr\u00e9tion, que si elles nous sont notifi\u00e9es 5 jours au plus apr\u00e8s l\u2019acceptation de la commande des Produits. Le cas \u00e9ch\u00e9ant, un bon de commande sp\u00e9cifique sera sign\u00e9 par l\u2019Acheteur.<\/li>\n<li>Les renseignements port\u00e9s sur les catalogues, notices, bar\u00e8mes et autres documents non contractuels ne sont donn\u00e9s qu\u2019\u00e0 titre indicatif nous sommes libres d&#8217;y apporter toutes modifications qui nous para\u00eetront utiles.<\/li>\n<\/ul>\n<h2>3 \u2013 Prix<\/h2>\n<ul>\n<li>Le prix applicable sera soit celui indiqu\u00e9 dans notre offre soit, pour des produits courants tenus en stock, celui mentionn\u00e9 dans le tarif en vigueur \u00e0 la date de commande et figurant sur le bon de commande accept\u00e9.<\/li>\n<li>Ces tarifs sont fermes et non r\u00e9visables pendant leur p\u00e9riode de validit\u00e9. Nous resterons acquis, sans pr\u00e9judice du complet paiement du prix correspondant \u00e0 la partie de commande d\u00e9j\u00e0 ex\u00e9cut\u00e9e.<\/li>\n<li>Ces tarifs sont fermes et non r\u00e9visables pendant leur p\u00e9riode de validit\u00e9.<\/li>\n<li>Ces prix s\u2019entendent Hors Taxes, d\u00e9part usine, sauf conventions particuli\u00e8res. Ils ne comprennent pas le transport, ni les frais de douane \u00e9ventuels (taxes locales, droits d\u2019importation\u2026) et les assurances qui restent \u00e0 la charge de l&#8217;Acheteur ainsi que les d\u00e9clarations aff\u00e9rentes.<br>Les emballages sont d\u00e9termin\u00e9s et pr\u00e9par\u00e9s par nous, sauf conventions contraires, et ne sont pas repris.<\/li>\n<\/ul>\n<h2>4 \u2013 Paiement<\/h2>\n<ul>\n<li>Nos factures sont payables au comptant \u00e0 la livraison, sauf accord particulier entre les parties. Nous nous r\u00e9servons le droit de demander un acompte repr\u00e9sentant au moins 30 % du prix de la commande. Le cas \u00e9ch\u00e9ant, cet acompte et son montant figureront sur le bon de commande accept\u00e9. Le solde du prix est payable au comptant, au jour de la livraison. En cas d\u2019annulation de la commande par le client apr\u00e8s son acceptation, pour quelque raison que ce soit hormis la force majeure, sans notre accord \u00e9crit, l\u2019acompte per\u00e7u nous restera acquis, sans pr\u00e9judice du complet paiement du prix correspondant \u00e0 la partie de commande d\u00e9j\u00e0 ex\u00e9cut\u00e9e.<\/li>\n<li>En cas de livraison partielle des Produits, l\u2019Acheteur sera tenu d\u2019en r\u00e9gler le prix \u00e0 la livraison sans pouvoir opposer la non livraison ou le report de livraison du reste des Produits.<\/li>\n<li>De m\u00eame, en cas de litige sur une partie des Produits livr\u00e9s, l\u2019Acheteur sera tenu au paiement de la partie non contest\u00e9e.<\/li>\n<li>Toute facture, pour laquelle aucune demande de duplicata ne nous aura \u00e9t\u00e9 adress\u00e9e dans un d\u00e9lai d\u2019un mois apr\u00e8s la livraison, sera r\u00e9put\u00e9e re\u00e7ue par l\u2019acheteur.<\/li>\n<li>D\u2019une mani\u00e8re g\u00e9n\u00e9rale, le non-paiement d\u2019une facture \u00e0 l\u2019\u00e9ch\u00e9ance, ainsi que le non-retour d\u2019un effet de commerce dans le d\u00e9lai l\u00e9gal peuvent entra\u00eener la suspension de l\u2019ex\u00e9cution et de la livraison de toutes les commandes en cours.<\/li>\n<li>En cas de non-paiement partiel ou total d\u2019une \u00e9ch\u00e9ance, il sera factur\u00e9 automatiquement des int\u00e9r\u00eats de retard, \u00e0 compter de la date d\u2019\u00e9ch\u00e9ance d\u2019origine, et ceci, jusqu\u2019au paiement effectif, sur la base du taux d\u2019int\u00e9r\u00eat l\u00e9gal major\u00e9 de 50 % et d\u2019une indemnit\u00e9 forfaitaire pour frais de recouvrement, d&#8217;un montant de 40 euros.<\/li>\n<li>Le non-paiement \u00e0 son \u00e9ch\u00e9ance d\u2019une somme due rend imm\u00e9diatement exigible toutes les cr\u00e9ances de notre soci\u00e9t\u00e9, m\u00eame non \u00e9chues, sans pr\u00e9judice de toute autre action que nous serions en droit d&#8217;intenter, \u00e0 ce titre, \u00e0 l&#8217;encontre de l&#8217;Acheteur.<\/li>\n<li>En cas de recouvrement par voie contentieuse, les sommes dues sont major\u00e9es de 15 % \u00e0 titre de clause p\u00e9nale, avec un minimum de perception de 30 euros.<br>Aucun escompte ne sera pratiqu\u00e9 pour paiement avant la date figurant sur la facture dans un d\u00e9lai inf\u00e9rieur \u00e0 celui mentionn\u00e9 aux pr\u00e9sentes Conditions G\u00e9n\u00e9rales de Vente.<br>Il est pr\u00e9cis\u00e9 que dans le cadre d\u2019une commande par le Client de produits personnalis\u00e9s \u00e0 sa marque, la quantit\u00e9 de produits livr\u00e9e sera susceptible de varier de 5 % par rapport \u00e0 la quantit\u00e9 command\u00e9e en fonction des contraintes techniques de d\u00e9coupe. Le cas \u00e9ch\u00e9ant, le Client ne sera redevable que du Prix des Produits livr\u00e9s.<\/li>\n<\/ul>\n<h2>5 \u2013 Livraison<\/h2>\n<p>La livraison sera effectu\u00e9e au lieu convenu avec l\u2019Acheteur par la remise directe des Produits \u00e0 l&#8217;Acheteur ou \u00e0 un son transporteur, les produits voyageant aux risques et p\u00e9rils de l&#8217;Acheteur conform\u00e9ment \u00e0 l\u2019Incoterm d\u00e9fini.<\/p>\n<ul>\n<li>En cas de recours \u00e0 un transporteur, l\u2019acheteur reconna\u00eet que c&#8217;est au transporteur qu&#8217;il appartient d&#8217;effectuer la livraison, notre soci\u00e9t\u00e9 \u00e9tant r\u00e9put\u00e9e avoir rempli son obligation de d\u00e9livrance d\u00e8s lors qu&#8217;elle a remis les produits command\u00e9s au transporteur qui les a accept\u00e9es sans r\u00e9serves. L&#8217;Acheteur ne dispose donc d&#8217;aucun recours en garantie contre notre soci\u00e9t\u00e9 en cas de d\u00e9faut de livraison des Produits command\u00e9s ni des dommages survenus en cours de transport ou de d\u00e9chargement.<\/li>\n<li>L\u2019acheteur s\u2019engage \u00e0 r\u00e9ceptionner les produits au lieu et date convenus. En cas de carence de sa part, la livraison avec tous ses effets sera r\u00e9put\u00e9e avoir eu lieu \u00e0 cette date.<\/li>\n<li>Les d\u00e9lais de livraison ne sont donn\u00e9s qu\u2019\u00e0 titre indicatif, leur inobservation ne peut entra\u00eener ni p\u00e9nalit\u00e9 pour retard, ni annulation de commande, ni paiement diff\u00e9r\u00e9.<\/li>\n<li>Tous les co\u00fbts suppl\u00e9mentaires entra\u00een\u00e9s par un retard imputable \u00e0 l&#8217;Acheteur ou en cas de force majeure seront support\u00e9s par l\u2019acheteur.<\/li>\n<li>De convention expresse, il est convenu que seront notamment constitutifs de cas de force majeure les \u00e9v\u00e8nements suivants : la mobilisation, la guerre, les gr\u00e8ves, les lockouts, les \u00e9pid\u00e9mies, le manque de mati\u00e8res, les incendies, inondations, accidents d\u2019outillage et toutes autres causes entra\u00eenant le ch\u00f4mage total ou partiel ou la d\u00e9sorganisation des usines, auxquelles sont remises nos commandes.<br>L&#8217;Acheteur est tenu de v\u00e9rifier l&#8217;\u00e9tat apparent des produits lors de la livraison. A d\u00e9faut de r\u00e9serves express\u00e9ment \u00e9mises par l&#8217;Acheteur lors de la livraison, les Produits d\u00e9livr\u00e9s seront r\u00e9put\u00e9s conformes en quantit\u00e9 et qualit\u00e9 \u00e0 la commande.<\/li>\n<li>Aucune r\u00e9clamation pour non-conformit\u00e9 ou d\u00e9faut apparent des produits ne sera admise apr\u00e8s un d\u00e9lai de huit jours, \u00e0 compter de la date de leur r\u00e9ception.<\/li>\n<li>En outre, l\u2019acheteur s\u2019engage, en cas de perte partielle ou d\u2019avarie due au transport \u00e0 \u00e9mettre, dans un d\u00e9lai de 24 heures \u00e0 compter de la r\u00e9ception des produits, toute r\u00e9serve motiv\u00e9e \u00e0 l\u2019encontre du transporteur par lettre recommand\u00e9e avec avis de r\u00e9ception, sous peine de rejet de sa r\u00e9clamation.<\/li>\n<\/ul>\n<h2>6 \u2013 Garantie<\/h2>\n<p>Nos appareils sont garantis contre tous vices de mati\u00e8re et de fabrication de 1 an \u00e0 5 ans (selon mod\u00e8les) \u00e0 compter de la date de facturation (sauf consommables). La garantie est limit\u00e9e au remplacement de la pi\u00e8ce d\u00e9fectueuse en nos ateliers et \u00e0 nos frais. Le remplacement des Produits ou pi\u00e8ces d\u00e9fectueuses n&#8217;aura pas pour effet de prolonger la dur\u00e9e de la garantie ci-dessus fix\u00e9e. Cette garantie n\u2019est applicable que si la pi\u00e8ce d\u00e9fectueuse ou l\u2019appareil complet nous est retourn\u00e9 franco de port et d\u2019emballage. Toute garantie est exclue en cas de mauvaise utilisation, n\u00e9gligence ou d\u00e9faut d&#8217;entretien de la part de l&#8217;Acheteur, comme en cas d&#8217;usure normale du Produit ou de force majeure.<br>La r\u00e9exp\u00e9dition des appareils est effectu\u00e9e franco de port. Aucune indemnit\u00e9 ne peut \u00eatre demand\u00e9e \u00e0 titre de dommage et int\u00e9r\u00eat pour quelque cause que ce soit.<\/p>\n<p><\/p>\n<h2>7 \u2013 Reprise de marchandises<\/h2>\n<ul>\n<li>Les reprises de marchandises ne sont accept\u00e9es que si nous les avons pr\u00e9alablement autoris\u00e9es. Elles sont effectu\u00e9es aux frais du client et ne peuvent porter que sur des marchandises en parfait \u00e9tat de neuf, sous leur emballage d\u2019origine.<\/li>\n<li>Les marchandises reprises sont port\u00e9es au cr\u00e9dit de l\u2019acheteur sous forme d\u2019un avoir non remboursable.<\/li>\n<li>Les pi\u00e8ces fabriqu\u00e9es (ex\u00e9cutions sp\u00e9ciales) ne sont jamais reprises.<\/li>\n<\/ul>\n<h2>8 \u2013 R\u00e9serve de propri\u00e9t\u00e9<\/h2>\n<ul>\n<li>Nous nous r\u00e9servons express\u00e9ment un droit de propri\u00e9t\u00e9 sur les produits vendus jusqu\u2019\u00e0 leur complet paiement, \u00e9tant pr\u00e9cis\u00e9 qu\u2019au sens de la pr\u00e9sente clause, seul l\u2019encaissement effectif des ch\u00e8ques, virements et effets de commerce vaudra paiement. Tout acompte vers\u00e9 par l&#8217;Acheteur nous restera acquis \u00e0 titre d&#8217;indemnisation forfaitaire, sans pr\u00e9judice de toutes autres actions que nous serions en droit d&#8217;intenter de ce fait \u00e0 l&#8217;encontre de l&#8217;Acheteur.<\/li>\n<li>Nonobstant la pr\u00e9sente clause, le risque de perte et de d\u00e9t\u00e9rioration sera transf\u00e9r\u00e9 \u00e0 l&#8217;Acheteur d\u00e8s la sortie de notre usine.<\/li>\n<\/ul>\n<h2>9 \u2013 Impr\u00e9vision<\/h2>\n<p>Les pr\u00e9sentes Conditions G\u00e9n\u00e9rales de Vente excluent express\u00e9ment le r\u00e9gime l\u00e9gal de l&#8217;impr\u00e9vision pr\u00e9vu \u00e0 l&#8217;article 1195 du Code civil pour toutes les op\u00e9rations de Vente de Produits du Fournisseur \u00e0 l&#8217;Acheteur.<\/p>\n<p><\/p>\n<h2>10 \u2013 R\u00e9solution du contrat<\/h2>\n<p>En cas de manquement d&#8217;une partie \u00e0 ses obligations figurant ci-dessus ou en cas d&#8217;inex\u00e9cution suffisamment grave de l&#8217;une quelconque de ses obligations, le contrat pourra \u00eatre r\u00e9sili\u00e9 par l\u2019autre partie.<br>Il est express\u00e9ment entendu que cette r\u00e9solution pour manquement d&#8217;une partie \u00e0 ses obligations aura lieu de plein droit quinze jours apr\u00e8s la r\u00e9ception d&#8217;une mise en demeure de s&#8217;ex\u00e9cuter, rest\u00e9e, en tout ou partie, sans effet. La mise en demeure pourra \u00eatre notifi\u00e9e par lettre recommand\u00e9e avec demande d&#8217;avis de r\u00e9ception ou tout acte extrajudiciaire.<br>Cette mise en demeure devra mentionner l&#8217;intention d&#8217;appliquer la pr\u00e9sente clause.<\/p>\n<p><\/p>\n<h2>11 \u2013 Droit applicable &#8211; Attribution de juridiction<\/h2>\n<p>Notre soci\u00e9t\u00e9 conserve l&#8217;ensemble des droits de propri\u00e9t\u00e9 industrielle et intellectuelle aff\u00e9rents aux Produits, photos et documentations techniques qui ne peuvent \u00eatre communiqu\u00e9s ni ex\u00e9cut\u00e9s sans son autorisation \u00e9crite.<\/p>\n<p><\/p>\n<h2>12 \u2013 Droit applicable &#8211; Attribution de juridiction<\/h2>\n<p>De convention expresse entre les parties, les pr\u00e9sentes Conditions G\u00e9n\u00e9rales de Vente et les op\u00e9rations d&#8217;achat et de vente qui en d\u00e9coulent sont r\u00e9gies par le droit fran\u00e7ais.<br>Elles sont r\u00e9dig\u00e9es en langue fran\u00e7aise. Dans le cas o\u00f9 elles seraient traduites en une ou plusieurs langues, seul le texte fran\u00e7ais ferait foi en cas de litige.<br>En cas de contestation, seul sera comp\u00e9tent le tribunal de commerce du si\u00e8ge social de notre soci\u00e9t\u00e9, m\u00eame en cas de pluralit\u00e9 de d\u00e9fendeurs ou d\u2019appel en garantie.<\/p>\t\t\t\t\t\t<\/div>\n\t\t\t\t<\/div>\n\t\t\t\t\t<\/div>\n\t\t<\/div>\n\t\t\t\t\t<\/div>\n\t\t<\/section>\n\t\t\t\t<\/div>\n\t\t","protected":false},"excerpt":{"rendered":"<p>Conditions g\u00e9n\u00e9rales de vente 1 \u2013 Champ d\u2019application Les pr\u00e9sentes conditions g\u00e9n\u00e9rales de vente ont pour objet de d\u00e9finir les conditions dans lesquelles notre soci\u00e9t\u00e9, BRC SAS, fournit aux acheteurs professionnels situ\u00e9s en France ou \u00e0 l\u2019\u00e9tranger (\u00ab Les Acheteurs ou l&#8217;Acheteur \u00bb) qui lui en font la demande, les produits qu\u2019elle commercialise (\u00ab Les [&hellip;]<\/p>\n","protected":false},"author":1,"featured_media":0,"parent":0,"menu_order":0,"comment_status":"closed","ping_status":"closed","template":"","meta":{"footnotes":""},"class_list":["post-31351","page","type-page","status-publish","hentry"],"acf":[],"yoast_head":"<!-- This site is optimized with the Yoast SEO plugin v23.3 - https:\/\/yoast.com\/wordpress\/plugins\/seo\/ -->\n<title>GTC - BRCSA<\/title>\n<meta name=\"robots\" content=\"index, follow, max-snippet:-1, max-image-preview:large, max-video-preview:-1\" \/>\n<link rel=\"canonical\" href=\"https:\/\/brc-sas.com\/cgv\/\" \/>\n<meta property=\"og:locale\" content=\"en_US\" \/>\n<meta property=\"og:type\" content=\"article\" \/>\n<meta property=\"og:title\" content=\"GTC - BRCSA\" \/>\n<meta property=\"og:description\" content=\"Conditions g\u00e9n\u00e9rales de vente 1 \u2013 Champ d\u2019application Les pr\u00e9sentes conditions g\u00e9n\u00e9rales de vente ont pour objet de d\u00e9finir les conditions dans lesquelles notre soci\u00e9t\u00e9, BRC SAS, fournit aux acheteurs professionnels situ\u00e9s en France ou \u00e0 l\u2019\u00e9tranger (\u00ab Les Acheteurs ou l&#8217;Acheteur \u00bb) qui lui en font la demande, les produits qu\u2019elle commercialise (\u00ab Les [&hellip;]\" \/>\n<meta property=\"og:url\" content=\"https:\/\/brc-sas.com\/cgv\/\" \/>\n<meta property=\"og:site_name\" content=\"BRCSA\" \/>\n<meta property=\"article:modified_time\" content=\"2023-03-08T11:20:42+00:00\" \/>\n<meta name=\"twitter:card\" content=\"summary_large_image\" \/>\n<meta name=\"twitter:label1\" content=\"Est. reading time\" \/>\n\t<meta name=\"twitter:data1\" content=\"8 minutes\" \/>\n<script type=\"application\/ld+json\" class=\"yoast-schema-graph\">{\"@context\":\"https:\/\/schema.org\",\"@graph\":[{\"@type\":\"WebPage\",\"@id\":\"https:\/\/brc-sas.com\/cgv\/\",\"url\":\"https:\/\/brc-sas.com\/cgv\/\",\"name\":\"GTC - BRCSA\",\"isPartOf\":{\"@id\":\"https:\/\/brc-sas.com\/#website\"},\"datePublished\":\"2023-02-23T08:15:53+00:00\",\"dateModified\":\"2023-03-08T11:20:42+00:00\",\"breadcrumb\":{\"@id\":\"https:\/\/brc-sas.com\/cgv\/#breadcrumb\"},\"inLanguage\":\"en-US\",\"potentialAction\":[{\"@type\":\"ReadAction\",\"target\":[\"https:\/\/brc-sas.com\/cgv\/\"]}]},{\"@type\":\"BreadcrumbList\",\"@id\":\"https:\/\/brc-sas.com\/cgv\/#breadcrumb\",\"itemListElement\":[{\"@type\":\"ListItem\",\"position\":1,\"name\":\"Accueil\",\"item\":\"https:\/\/brc-sas.com\/en\/home\/\"},{\"@type\":\"ListItem\",\"position\":2,\"name\":\"GTC\"}]},{\"@type\":\"WebSite\",\"@id\":\"https:\/\/brc-sas.com\/#website\",\"url\":\"https:\/\/brc-sas.com\/\",\"name\":\"BRCSA\",\"description\":\"\",\"publisher\":{\"@id\":\"https:\/\/brc-sas.com\/#organization\"},\"potentialAction\":[{\"@type\":\"SearchAction\",\"target\":{\"@type\":\"EntryPoint\",\"urlTemplate\":\"https:\/\/brc-sas.com\/?s={search_term_string}\"},\"query-input\":\"required name=search_term_string\"}],\"inLanguage\":\"en-US\"},{\"@type\":\"Organization\",\"@id\":\"https:\/\/brc-sas.com\/#organization\",\"name\":\"BRCSA\",\"url\":\"https:\/\/brc-sas.com\/\",\"logo\":{\"@type\":\"ImageObject\",\"inLanguage\":\"en-US\",\"@id\":\"https:\/\/brc-sas.com\/#\/schema\/logo\/image\/\",\"url\":\"https:\/\/brc-sas.com\/wp-content\/uploads\/2023\/02\/logo-BRCSA-1.png\",\"contentUrl\":\"https:\/\/brc-sas.com\/wp-content\/uploads\/2023\/02\/logo-BRCSA-1.png\",\"width\":2560,\"height\":955,\"caption\":\"BRCSA\"},\"image\":{\"@id\":\"https:\/\/brc-sas.com\/#\/schema\/logo\/image\/\"}}]}<\/script>\n<!-- \/ Yoast SEO plugin. -->","yoast_head_json":{"title":"GTC - BRCSA","robots":{"index":"index","follow":"follow","max-snippet":"max-snippet:-1","max-image-preview":"max-image-preview:large","max-video-preview":"max-video-preview:-1"},"canonical":"https:\/\/brc-sas.com\/cgv\/","og_locale":"en_US","og_type":"article","og_title":"GTC - BRCSA","og_description":"Conditions g\u00e9n\u00e9rales de vente 1 \u2013 Champ d\u2019application Les pr\u00e9sentes conditions g\u00e9n\u00e9rales de vente ont pour objet de d\u00e9finir les conditions dans lesquelles notre soci\u00e9t\u00e9, BRC SAS, fournit aux acheteurs professionnels situ\u00e9s en France ou \u00e0 l\u2019\u00e9tranger (\u00ab Les Acheteurs ou l&#8217;Acheteur \u00bb) qui lui en font la demande, les produits qu\u2019elle commercialise (\u00ab Les [&hellip;]","og_url":"https:\/\/brc-sas.com\/cgv\/","og_site_name":"BRCSA","article_modified_time":"2023-03-08T11:20:42+00:00","twitter_card":"summary_large_image","twitter_misc":{"Est. reading time":"8 minutes"},"schema":{"@context":"https:\/\/schema.org","@graph":[{"@type":"WebPage","@id":"https:\/\/brc-sas.com\/cgv\/","url":"https:\/\/brc-sas.com\/cgv\/","name":"GTC - BRCSA","isPartOf":{"@id":"https:\/\/brc-sas.com\/#website"},"datePublished":"2023-02-23T08:15:53+00:00","dateModified":"2023-03-08T11:20:42+00:00","breadcrumb":{"@id":"https:\/\/brc-sas.com\/cgv\/#breadcrumb"},"inLanguage":"en-US","potentialAction":[{"@type":"ReadAction","target":["https:\/\/brc-sas.com\/cgv\/"]}]},{"@type":"BreadcrumbList","@id":"https:\/\/brc-sas.com\/cgv\/#breadcrumb","itemListElement":[{"@type":"ListItem","position":1,"name":"Accueil","item":"https:\/\/brc-sas.com\/en\/home\/"},{"@type":"ListItem","position":2,"name":"GTC"}]},{"@type":"WebSite","@id":"https:\/\/brc-sas.com\/#website","url":"https:\/\/brc-sas.com\/","name":"BRCSA","description":"","publisher":{"@id":"https:\/\/brc-sas.com\/#organization"},"potentialAction":[{"@type":"SearchAction","target":{"@type":"EntryPoint","urlTemplate":"https:\/\/brc-sas.com\/?s={search_term_string}"},"query-input":"required name=search_term_string"}],"inLanguage":"en-US"},{"@type":"Organization","@id":"https:\/\/brc-sas.com\/#organization","name":"BRCSA","url":"https:\/\/brc-sas.com\/","logo":{"@type":"ImageObject","inLanguage":"en-US","@id":"https:\/\/brc-sas.com\/#\/schema\/logo\/image\/","url":"https:\/\/brc-sas.com\/wp-content\/uploads\/2023\/02\/logo-BRCSA-1.png","contentUrl":"https:\/\/brc-sas.com\/wp-content\/uploads\/2023\/02\/logo-BRCSA-1.png","width":2560,"height":955,"caption":"BRCSA"},"image":{"@id":"https:\/\/brc-sas.com\/#\/schema\/logo\/image\/"}}]}},"_links":{"self":[{"href":"https:\/\/brc-sas.com\/en\/wp-json\/wp\/v2\/pages\/31351","targetHints":{"allow":["GET"]}}],"collection":[{"href":"https:\/\/brc-sas.com\/en\/wp-json\/wp\/v2\/pages"}],"about":[{"href":"https:\/\/brc-sas.com\/en\/wp-json\/wp\/v2\/types\/page"}],"author":[{"embeddable":true,"href":"https:\/\/brc-sas.com\/en\/wp-json\/wp\/v2\/users\/1"}],"replies":[{"embeddable":true,"href":"https:\/\/brc-sas.com\/en\/wp-json\/wp\/v2\/comments?post=31351"}],"version-history":[{"count":32,"href":"https:\/\/brc-sas.com\/en\/wp-json\/wp\/v2\/pages\/31351\/revisions"}],"predecessor-version":[{"id":31417,"href":"https:\/\/brc-sas.com\/en\/wp-json\/wp\/v2\/pages\/31351\/revisions\/31417"}],"wp:attachment":[{"href":"https:\/\/brc-sas.com\/en\/wp-json\/wp\/v2\/media?parent=31351"}],"curies":[{"name":"wp","href":"https:\/\/api.w.org\/{rel}","templated":true}]}}